{"id":79,"date":"2019-02-11T20:17:48","date_gmt":"2019-02-11T18:17:48","guid":{"rendered":"http:\/\/u52104.www1.webdomain.fi\/?page_id=79"},"modified":"2026-03-18T22:12:40","modified_gmt":"2026-03-18T20:12:40","slug":"esittely-introduction","status":"publish","type":"page","link":"https:\/\/www.tashi-gong.com\/?page_id=79","title":{"rendered":"Esittely | Introduction"},"content":{"rendered":"<div class=\"wp-block-image\">\n<figure class=\"aligncenter\"><img fetchpriority=\"high\" decoding=\"async\" width=\"400\" height=\"305\" src=\"http:\/\/u52104.www1.webdomain.fi\/wp-content\/uploads\/2019\/02\/esittelyyhteinen.jpg\" alt=\"\" class=\"wp-image-78\" srcset=\"https:\/\/www.tashi-gong.com\/wp-content\/uploads\/2019\/02\/esittelyyhteinen.jpg 400w, https:\/\/www.tashi-gong.com\/wp-content\/uploads\/2019\/02\/esittelyyhteinen-300x229.jpg 300w\" sizes=\"(max-width: 400px) 100vw, 400px\" \/><figcaption class=\"wp-element-caption\">Mr Playpoint &amp; Mrs Tashi-Gong<\/figcaption><\/figure>\n<\/div>\n\n\n<ul class=\"wp-block-list\">\n<li><strong>TIBETAN SPANIELS SINCE 1979<\/strong><\/li>\n\n\n\n<li>TIBETAN SPANIEL <strong>BREEDING SINCE 1986<\/strong>, <strong>CHIHUAHUA BREEDING SINCE 2022<\/strong><\/li>\n\n\n\n<li><strong>FINNISH KENNELCLUB\u00b4S AWARD N:O 333  FOR TOP QUALITY BREEDING OF TIBETAN SPANIELS<\/strong><\/li>\n\n\n\n<li><strong>FCI JUDGE FOR GROUP 9 BREEDS<\/strong> INCLUDING TIBETAN SPANIELS &amp; CHIHUAHUAS<\/li>\n<\/ul>\n\n\n\n<h2 class=\"wp-block-heading\"><em>Taustaa  <\/em><\/h2>\n\n\n\n<p><em>Tiibetinspanieli rotuna on erityinen, kun kerran sille antaa syd\u00e4mens\u00e4 &#8211; se vie sen <\/em><br><em>ikiajoiksi.&nbsp;N\u00e4in k\u00e4vi my\u00f6s minulle. Ensimm\u00e4inen Tiibetinspanieli tuli perheeseemme ollessani pieni tytt\u00f6, eik\u00e4 kukaan viel\u00e4 silloin voinut aavistaa miten suuren osan <\/em><br><em>el\u00e4m\u00e4st\u00e4ni se tulee viem\u00e4\u00e4n.&nbsp; Kiinnostus rotuun johti aktiivisen ja oma-aloitteisen <\/em><br><em>n\u00e4yttelyharrastuksen aloittamiseen ja ensimm\u00e4inen Tiibetinspanielipentue syntyi <\/em><br><em>meille vuonna 1986, pitk\u00e4n Norjaan suuntautuneen astutusmatkan seurauksena, <\/em><br><em>jonne vanhempani uskalsivat minut p\u00e4\u00e4st\u00e4\u00e4 juuri ajokortin saaneena nuorena <\/em><br><em>naisena. Mik\u00e4\u00e4n ei pid\u00e4tellyt minua harrastuksessani sen j\u00e4lkeen. Vuosien saatossa minulle on muodostunut oma vahva k\u00e4sitykseni rodusta, siit\u00e4 kiit\u00e4n kaikkia <\/em><br><em>kokeneita ja harrastuksessani mukana olleita ja minua tukeneita tiibetinspanieli-ihmisi\u00e4. Erityisen suurta kiitollisuutta&nbsp; tunnen edesmennytt\u00e4 yst\u00e4v\u00e4\u00e4ni Salme Vestelini\u00e4 kohtaan, joka 1970-luvun lopulla ja 1980 luvulla kasvatti Suomessa <\/em><br><em>menestyksekk\u00e4\u00e4sti tiibetinspanieleita kennelnimell\u00e4 Sajasan. H\u00e4nelt\u00e4 sain <\/em><br><em>korvaamatonta n\u00e4kemyst\u00e4, oppia ja aivan upeat kantanartut, joiden pohjalle omaa <\/em><br><em>kasvatusty\u00f6t\u00e4 oli hyv\u00e4 jatkaa.&nbsp; L\u00e4mm\u00f6ll\u00e4 muistan my\u00f6s edesmennytt\u00e4 <\/em><br><em>tiibetinspanielilegendaa Ann Wynyardia, jonka kanssa k\u00e4yty kirjeenvaihto on <\/em><br><em>edelleen tallessani ja h\u00e4nelt\u00e4 Suomeen tuomani Braeduke Sanghu Sabu l\u00f6ytyy <\/em><br><em>edelleen useiden kasvattieni sukutaulussa. Mainitsematta en my\u00f6sk\u00e4\u00e4n halua j\u00e4tt\u00e4\u00e4 eritt\u00e4in hyv\u00e4\u00e4 yst\u00e4v\u00e4\u00e4ni, my\u00f6s jo edesmennytt\u00e4 Kerry Williamsonia, joka kasvatti <\/em><br><em>Iso-Britanniassa tiibetinspanieleita kennelnimell\u00e4 Nimana. H\u00e4nelt\u00e4 toin my\u00f6s <\/em><br><em>minulle hyvin rakkaan, mutta valitettavasti nuorena tapaturmaisesti menehtyneen <\/em><br><em>uroksen FI CH Nimana Newshound. Kerry Williamson oli henkil\u00f6, joka 2000-luvun <\/em><br><em>alussa piti minut hyvin tietoisena tiibetinspanielimaailman tapahtumista sen <\/em><br><em>alkuper\u00e4maassa Englannissa. T\u00e4m\u00e4 oli eritt\u00e4in t\u00e4rke\u00e4\u00e4 juuri kasvatusurani noilla <\/em><br><em>vaiheilla.<\/em> <\/p>\n\n\n<div class=\"wp-block-image\">\n<figure class=\"aligncenter is-resized\"><img decoding=\"async\" width=\"500\" height=\"304\" src=\"http:\/\/u52104.www1.webdomain.fi\/wp-content\/uploads\/2019\/02\/isadorastudio.jpg\" alt=\"\" class=\"wp-image-81\" style=\"width:400px;height:244px\" srcset=\"https:\/\/www.tashi-gong.com\/wp-content\/uploads\/2019\/02\/isadorastudio.jpg 500w, https:\/\/www.tashi-gong.com\/wp-content\/uploads\/2019\/02\/isadorastudio-300x182.jpg 300w\" sizes=\"(max-width: 500px) 100vw, 500px\" \/><figcaption class=\"wp-element-caption\">One of my beautiful foundation bitches: INT &amp; NORD CH Sajasan Isadora, photographed in 1988<\/figcaption><\/figure>\n<\/div>\n\n<div class=\"wp-block-image\">\n<figure class=\"aligncenter is-resized\"><img decoding=\"async\" width=\"400\" height=\"500\" src=\"http:\/\/u52104.www1.webdomain.fi\/wp-content\/uploads\/2019\/02\/avagardnerstudio.jpg\" alt=\"\" class=\"wp-image-77\" style=\"width:400px;height:500px\" srcset=\"https:\/\/www.tashi-gong.com\/wp-content\/uploads\/2019\/02\/avagardnerstudio.jpg 400w, https:\/\/www.tashi-gong.com\/wp-content\/uploads\/2019\/02\/avagardnerstudio-240x300.jpg 240w\" sizes=\"(max-width: 400px) 100vw, 400px\" \/><figcaption class=\"wp-element-caption\"> <br><em>FI CH, MULTI SPECIALTY WINNER TASHI-GONG AVA GARDNER<\/em> , photographed in 1992<\/figcaption><\/figure>\n<\/div>\n\n\n<hr class=\"wp-block-separator has-css-opacity\"\/>\n\n\n\n<h2 class=\"wp-block-heading\"><em>Nykyp\u00e4iv\u00e4\u00e4 <\/em><\/h2>\n\n\n<div class=\"wp-block-image\">\n<figure class=\"aligncenter size-large is-resized\"><img loading=\"lazy\" decoding=\"async\" width=\"1024\" height=\"927\" src=\"https:\/\/www.tashi-gong.com\/wp-content\/uploads\/2021\/03\/DSC_5999fb-1024x927.jpg\" alt=\"\" class=\"wp-image-1936\" style=\"width:400px;height:362px\" srcset=\"https:\/\/www.tashi-gong.com\/wp-content\/uploads\/2021\/03\/DSC_5999fb-1024x927.jpg 1024w, https:\/\/www.tashi-gong.com\/wp-content\/uploads\/2021\/03\/DSC_5999fb-600x543.jpg 600w, https:\/\/www.tashi-gong.com\/wp-content\/uploads\/2021\/03\/DSC_5999fb-300x272.jpg 300w, https:\/\/www.tashi-gong.com\/wp-content\/uploads\/2021\/03\/DSC_5999fb-768x696.jpg 768w, https:\/\/www.tashi-gong.com\/wp-content\/uploads\/2021\/03\/DSC_5999fb-1536x1391.jpg 1536w, https:\/\/www.tashi-gong.com\/wp-content\/uploads\/2021\/03\/DSC_5999fb-2048x1855.jpg 2048w\" sizes=\"(max-width: 1024px) 100vw, 1024px\" \/><\/figure>\n<\/div>\n\n\n<p><br><em>Perheen perustaminen 2000-luvun alussa vei minut hetkellisesti pois aktiivikuvioista, mutta palattuani takaisin kuvioihin vajaan 10 vuoden tauon j\u00e4lkeen, kasvatusty\u00f6ni jatkui edelleen aktiivisena ja sen pohjaa t\u00e4ydent\u00e4m\u00e4\u00e4n hankin Ruotsista Bio-Bios kennelist\u00e4 kolme narttua ja kaksi urosta. N\u00e4iden Tiibetinspanieleiden vaikutus koko Suomen Tiibetinspanielikantaan on ollut merkitt\u00e4v\u00e4 ja moni uusi, aktiivinen kasvattaja on saanut oman ty\u00f6ns\u00e4 pohjaksi jotain n\u00e4ist\u00e4 Ruotsin tuliaisista.\u00a0 L\u00e4mmin ajatus yst\u00e4v\u00e4lleni Lisa Molinille ja kiitos luottamuksesta.Omassa kasvatusty\u00f6ss\u00e4ni olen halunnut ja haluan edelleen\u00a0 erityisesti vaalia niit\u00e4 erityispiirteit\u00e4, jotka antavat rodulle it\u00e4maisen leiman ja jotka kunnioittavat sen historiaa Tiibetin suljetussa maassa, sen luostareissa munkkien arvostamina arvokkaina lahjoina.\u00a0 Rotu on vaatimattomuudessaan upea, sen luonne kuvastaa erinomaisesti vahvaa it\u00e4maisuutta, itsetietoisuutta, mutta kunnioitettavaa n\u00f6yryytt\u00e4. Silkkinen, hapsukas turkki, tummat silm\u00e4t ja ihmisen l\u00e4pi tuijottava katse uppoavat syv\u00e4lle syd\u00e4meen ja sieluun.\u00a0Perheemme kasvattaa Tiibetinspanieleita kahdella kennelnimell\u00e4, tosin jokainen meilt\u00e4 l\u00e4htev\u00e4 pentu on oman kokemukseni ja n\u00e4kemykseni kautta syntynyt.\u00a0 Yhdistelm\u00e4t suunnittelemme aina tarkoin, tottakai omalla persoonallisella tipsusilm\u00e4ll\u00e4mme, mutta my\u00f6s kunnioittaen kymmenien vuosien saatossa saamiamme ohjeita ja neuvoja.\u00a0 Perheess\u00e4mme pennut tottuvat k\u00e4sittelyyn, el\u00e4m\u00e4n erin\u00e4isiin \u00e4\u00e4niin ja toisiin koiriin ja my\u00f6s kissoihin. Tipsujen lis\u00e4ksi meill\u00e4 on t\u00e4ll\u00e4 hetkell\u00e4 is\u00e4nn\u00e4n &amp; poikamme mets\u00e4styskaverina pohjanpystykorva Donna, sek\u00e4 vuonna 2020 alkaneen chihuahua-innostukseni seurauksena 6 lyhytkarvaista chihuahuaa Julia, Ivanka, Alina ja oma kasvattimme Taco, sek\u00e4 2024 perheeseemme Puolasta muuttanut Zorro ja Pretty Wild -kennelist\u00e4 tammikuussa 2025 hankkimani Evelia. Jack\u00a0kissamme pit\u00e4v\u00e4\u00e4 huolen maalaistalon hiirivaarasta ja <\/em>e<em>l\u00e4m\u00e4\u00e4mme maalla liittyi kes\u00e4ll\u00e4 2019 my\u00f6s ihana kanaparvi<\/em> ja kiekuva kukko.<\/p>\n\n\n\n<hr class=\"wp-block-separator has-css-opacity\"\/>\n\n\n\n<p><br><em>I have bred Tibbies since 1986, but somewhere late 1990-2000 was a time to concentrate more on human family and our four lovely children. After those more quiet years, imported I some new Tibetan Spaniels from Sweden, kennel Bio-Bios, to get the type I admired and the attitude which I think is the very important part of this breed. I am grateful to family Molin to let me have those lovely males and females, which effected greatly to Finnish Tibetan Spaniel stock during the years and are still the base of breeding\u00a0 for many Tibetan Spaniel breeders here in Finland.\u00a0In my own breeding I am very faithful to origin of the breed, isolated Tibet and it\u00b4s quiet monasteries. The real nature of Tibetan Spaniels is based on the oriental ability to be aquiescent and confident at the same time. Maybe it is the deepest reason why I this breed is so unique to me. Silky, feathured coat, dark eyes and arrogant expression of dark almond eyes is something you can\u00b4t pass.Our family breeds Tibetan Spaniels under two affix, Tashi-Gong and Playpoint and all our combinations are our personal way to see the main points of Tibetan Spaniels. All this is the result of appriciated advises and continuous interest for the breed and the important contacts to other breeders around the world.\u00a0 Our puppies are raised in the middle of normal family life and they have used children and other animals as well. Beside tibbies, we have a  nordic spitz and six short coated chihuahuas, cat &amp; <\/em><em>and now even chickens!<\/em><\/p>\n\n\n\n<div class=\"wp-block-columns has-2-columns is-layout-flex wp-container-core-columns-is-layout-9d6595d7 wp-block-columns-is-layout-flex\">\n<div class=\"wp-block-column is-layout-flow wp-block-column-is-layout-flow\">\n<figure class=\"wp-block-image\"><img loading=\"lazy\" decoding=\"async\" width=\"500\" height=\"501\" src=\"http:\/\/u52104.www1.webdomain.fi\/wp-content\/uploads\/2019\/02\/2018lahtiids2-1.jpg\" alt=\"\" class=\"wp-image-333\" srcset=\"https:\/\/www.tashi-gong.com\/wp-content\/uploads\/2019\/02\/2018lahtiids2-1.jpg 500w, https:\/\/www.tashi-gong.com\/wp-content\/uploads\/2019\/02\/2018lahtiids2-1-300x300.jpg 300w, https:\/\/www.tashi-gong.com\/wp-content\/uploads\/2019\/02\/2018lahtiids2-1-100x100.jpg 100w, https:\/\/www.tashi-gong.com\/wp-content\/uploads\/2019\/02\/2018lahtiids2-1-150x150.jpg 150w\" sizes=\"(max-width: 500px) 100vw, 500px\" \/><\/figure>\n<\/div>\n\n\n\n<div class=\"wp-block-column is-layout-flow wp-block-column-is-layout-flow\">\n<figure class=\"wp-block-image\"><img loading=\"lazy\" decoding=\"async\" width=\"400\" height=\"400\" src=\"http:\/\/u52104.www1.webdomain.fi\/wp-content\/uploads\/2019\/02\/matilda03102016-3.jpg\" alt=\"\" class=\"wp-image-230\" srcset=\"https:\/\/www.tashi-gong.com\/wp-content\/uploads\/2019\/02\/matilda03102016-3.jpg 400w, https:\/\/www.tashi-gong.com\/wp-content\/uploads\/2019\/02\/matilda03102016-3-300x300.jpg 300w, https:\/\/www.tashi-gong.com\/wp-content\/uploads\/2019\/02\/matilda03102016-3-100x100.jpg 100w, https:\/\/www.tashi-gong.com\/wp-content\/uploads\/2019\/02\/matilda03102016-3-150x150.jpg 150w\" sizes=\"(max-width: 400px) 100vw, 400px\" \/><\/figure>\n<\/div>\n<\/div>\n\n\n<div class=\"wp-block-image\">\n<figure class=\"aligncenter size-large is-resized\"><img loading=\"lazy\" decoding=\"async\" width=\"1024\" height=\"930\" src=\"https:\/\/www.tashi-gong.com\/wp-content\/uploads\/2024\/10\/5J3A5497-2-kopio-1-1024x930.jpg\" alt=\"\" class=\"wp-image-3840\" style=\"width:650px;height:auto\" srcset=\"https:\/\/www.tashi-gong.com\/wp-content\/uploads\/2024\/10\/5J3A5497-2-kopio-1-1024x930.jpg 1024w, https:\/\/www.tashi-gong.com\/wp-content\/uploads\/2024\/10\/5J3A5497-2-kopio-1-300x272.jpg 300w, https:\/\/www.tashi-gong.com\/wp-content\/uploads\/2024\/10\/5J3A5497-2-kopio-1-768x697.jpg 768w, https:\/\/www.tashi-gong.com\/wp-content\/uploads\/2024\/10\/5J3A5497-2-kopio-1-1536x1394.jpg 1536w, https:\/\/www.tashi-gong.com\/wp-content\/uploads\/2024\/10\/5J3A5497-2-kopio-1-600x545.jpg 600w, https:\/\/www.tashi-gong.com\/wp-content\/uploads\/2024\/10\/5J3A5497-2-kopio-1.jpg 2048w\" sizes=\"(max-width: 1024px) 100vw, 1024px\" \/><\/figure>\n<\/div>","protected":false},"excerpt":{"rendered":"<p>Taustaa Tiibetinspanieli rotuna on erityinen, kun kerran sille antaa syd\u00e4mens\u00e4 &#8211; se vie sen ikiajoiksi.&nbsp;N\u00e4in k\u00e4vi my\u00f6s minulle. Ensimm\u00e4inen Tiibetinspanieli tuli perheeseemme ollessani pieni tytt\u00f6, eik\u00e4 kukaan viel\u00e4 silloin voinut aavistaa miten suuren osan el\u00e4m\u00e4st\u00e4ni se tulee viem\u00e4\u00e4n.&nbsp; Kiinnostus rotuun johti aktiivisen ja oma-aloitteisen n\u00e4yttelyharrastuksen aloittamiseen ja ensimm\u00e4inen Tiibetinspanielipentue syntyi meille vuonna 1986, pitk\u00e4n Norjaan [&hellip;]<\/p>\n","protected":false},"author":1,"featured_media":0,"parent":0,"menu_order":0,"comment_status":"closed","ping_status":"closed","template":"","meta":{"_monsterinsights_skip_tracking":false,"_monsterinsights_sitenote_active":false,"_monsterinsights_sitenote_note":"","_monsterinsights_sitenote_category":0,"footnotes":""},"class_list":["post-79","page","type-page","status-publish","hentry"],"_links":{"self":[{"href":"https:\/\/www.tashi-gong.com\/index.php?rest_route=\/wp\/v2\/pages\/79","targetHints":{"allow":["GET"]}}],"collection":[{"href":"https:\/\/www.tashi-gong.com\/index.php?rest_route=\/wp\/v2\/pages"}],"about":[{"href":"https:\/\/www.tashi-gong.com\/index.php?rest_route=\/wp\/v2\/types\/page"}],"author":[{"embeddable":true,"href":"https:\/\/www.tashi-gong.com\/index.php?rest_route=\/wp\/v2\/users\/1"}],"replies":[{"embeddable":true,"href":"https:\/\/www.tashi-gong.com\/index.php?rest_route=%2Fwp%2Fv2%2Fcomments&post=79"}],"version-history":[{"count":38,"href":"https:\/\/www.tashi-gong.com\/index.php?rest_route=\/wp\/v2\/pages\/79\/revisions"}],"predecessor-version":[{"id":4539,"href":"https:\/\/www.tashi-gong.com\/index.php?rest_route=\/wp\/v2\/pages\/79\/revisions\/4539"}],"wp:attachment":[{"href":"https:\/\/www.tashi-gong.com\/index.php?rest_route=%2Fwp%2Fv2%2Fmedia&parent=79"}],"curies":[{"name":"wp","href":"https:\/\/api.w.org\/{rel}","templated":true}]}}