{"id":3926,"date":"2025-01-12T21:18:27","date_gmt":"2025-01-12T19:18:27","guid":{"rendered":"https:\/\/www.tashi-gong.com\/?page_id=3926"},"modified":"2026-04-22T00:05:13","modified_gmt":"2026-04-21T21:05:13","slug":"pohjanpystykorvat-norbotten-spitzes","status":"publish","type":"page","link":"https:\/\/www.tashi-gong.com\/?page_id=3926","title":{"rendered":"Pohjanpystykorvat &#8211; Norbotten Spitzes"},"content":{"rendered":"<div class=\"wp-block-image\">\n<figure class=\"aligncenter size-large is-resized\"><img fetchpriority=\"high\" decoding=\"async\" width=\"1024\" height=\"675\" src=\"https:\/\/www.tashi-gong.com\/wp-content\/uploads\/2025\/01\/5J3A7181fb-1024x675.jpg\" alt=\"\" class=\"wp-image-3931\" style=\"width:650px\" srcset=\"https:\/\/www.tashi-gong.com\/wp-content\/uploads\/2025\/01\/5J3A7181fb-1024x675.jpg 1024w, https:\/\/www.tashi-gong.com\/wp-content\/uploads\/2025\/01\/5J3A7181fb-300x198.jpg 300w, https:\/\/www.tashi-gong.com\/wp-content\/uploads\/2025\/01\/5J3A7181fb-768x506.jpg 768w, https:\/\/www.tashi-gong.com\/wp-content\/uploads\/2025\/01\/5J3A7181fb-1536x1013.jpg 1536w, https:\/\/www.tashi-gong.com\/wp-content\/uploads\/2025\/01\/5J3A7181fb-600x396.jpg 600w, https:\/\/www.tashi-gong.com\/wp-content\/uploads\/2025\/01\/5J3A7181fb.jpg 2048w\" sizes=\"(max-width: 1024px) 100vw, 1024px\" \/><\/figure>\n<\/div>\n\n\n<p>Meill\u00e4 harrastetaan mets\u00e4styst\u00e4, erityisesti linnustusta ja perheess\u00e4mme, is\u00e4nn\u00e4n ja poikamme mets\u00e4styskaverina, on vuonna 2019 hankittu upealuonteinen ja ihana &#8221;Donna&#8221; Washaway Queen Mythra. Ensimm\u00e4inen pohjis-pentueemme syntyi Donnalle vuonna 2022, pennut l\u00f6ysiv\u00e4t kaikki mets\u00e4styst\u00e4 harrastavat perheet ja Playpoint Sirius on my\u00f6s esiintynyt edustavasti n\u00e4yttelyiss\u00e4 saavuttaen huhtikuuhun 2026 menness\u00e4 upeat tittelit  C.I.B.-J FI MVA FI JMVA EE MVA LV MVA LT JMVA EE JMVA JV-23 V-23 LTJV-24 TLNJW-24 TLNW-24 BALTV-25 TLNW-26.<\/p>\n\n\n\n<p>Vuoden 2024 lopussa meille syntyi toinen pohjispentue, josta pennut muuttivat vuodenvaiheessa 2024-2025 niinik\u00e4\u00e4n mets\u00e4st\u00e4viin ja harrastaviin koteihin. T\u00e4st\u00e4 pentueesta sijoitukseen ja kasvastusty\u00f6mme jatkoon l\u00e4hti Donnan tyt\u00e4r Playpoint Pohjant\u00e4hti. Maailmanvoittaja-n\u00e4yttelyiden erikoisn\u00e4yttelyss\u00e4 ja varsinaisessa maailmanvoittaja 2025 n\u00e4yttelyss\u00e4 n\u00e4ist\u00e4 pennuista sek\u00e4 Pohjant\u00e4hti ett\u00e4 Loitsu saavuttivat uudet hienot tittelit &#8211; ja Loitsu saavutti my\u00f6s kolmannessa junioriluokan n\u00e4yttelyss\u00e4\u00e4n FI JMVA tittelin.<\/p>\n\n\n\n<p><\/p>\n\n\n\n<figure class=\"wp-block-gallery has-nested-images columns-default is-cropped wp-block-gallery-1 is-layout-flex wp-block-gallery-is-layout-flex\">\n<figure class=\"wp-block-image size-large\"><img decoding=\"async\" width=\"1024\" height=\"684\" data-id=\"3933\" src=\"https:\/\/www.tashi-gong.com\/wp-content\/uploads\/2025\/01\/5J3A7200-Paranneltu-NRfb-1024x684.jpg\" alt=\"\" class=\"wp-image-3933\" srcset=\"https:\/\/www.tashi-gong.com\/wp-content\/uploads\/2025\/01\/5J3A7200-Paranneltu-NRfb-1024x684.jpg 1024w, https:\/\/www.tashi-gong.com\/wp-content\/uploads\/2025\/01\/5J3A7200-Paranneltu-NRfb-300x200.jpg 300w, https:\/\/www.tashi-gong.com\/wp-content\/uploads\/2025\/01\/5J3A7200-Paranneltu-NRfb-768x513.jpg 768w, https:\/\/www.tashi-gong.com\/wp-content\/uploads\/2025\/01\/5J3A7200-Paranneltu-NRfb-1536x1025.jpg 1536w, https:\/\/www.tashi-gong.com\/wp-content\/uploads\/2025\/01\/5J3A7200-Paranneltu-NRfb-600x400.jpg 600w, https:\/\/www.tashi-gong.com\/wp-content\/uploads\/2025\/01\/5J3A7200-Paranneltu-NRfb.jpg 2048w\" sizes=\"(max-width: 1024px) 100vw, 1024px\" \/><\/figure>\n\n\n\n<figure class=\"wp-block-image size-large\"><img decoding=\"async\" width=\"1024\" height=\"683\" data-id=\"3932\" src=\"https:\/\/www.tashi-gong.com\/wp-content\/uploads\/2025\/01\/5J3A7190fb-1024x683.jpg\" alt=\"\" class=\"wp-image-3932\" srcset=\"https:\/\/www.tashi-gong.com\/wp-content\/uploads\/2025\/01\/5J3A7190fb-1024x683.jpg 1024w, https:\/\/www.tashi-gong.com\/wp-content\/uploads\/2025\/01\/5J3A7190fb-300x200.jpg 300w, https:\/\/www.tashi-gong.com\/wp-content\/uploads\/2025\/01\/5J3A7190fb-768x512.jpg 768w, https:\/\/www.tashi-gong.com\/wp-content\/uploads\/2025\/01\/5J3A7190fb-1536x1024.jpg 1536w, https:\/\/www.tashi-gong.com\/wp-content\/uploads\/2025\/01\/5J3A7190fb-600x400.jpg 600w, https:\/\/www.tashi-gong.com\/wp-content\/uploads\/2025\/01\/5J3A7190fb.jpg 2048w\" sizes=\"(max-width: 1024px) 100vw, 1024px\" \/><\/figure>\n<\/figure>\n\n\n\n<p>Rotu on vienyt syd\u00e4memme ja lunastanut paikkansa perheen miesten parhaana mets\u00e4styskaverina.<\/p>\n\n\n\n<figure class=\"wp-block-image size-large\"><img loading=\"lazy\" decoding=\"async\" width=\"1024\" height=\"629\" src=\"https:\/\/www.tashi-gong.com\/wp-content\/uploads\/2025\/04\/Kuva-4-1024x629.jpeg\" alt=\"\" class=\"wp-image-4060\" srcset=\"https:\/\/www.tashi-gong.com\/wp-content\/uploads\/2025\/04\/Kuva-4-1024x629.jpeg 1024w, https:\/\/www.tashi-gong.com\/wp-content\/uploads\/2025\/04\/Kuva-4-300x184.jpeg 300w, https:\/\/www.tashi-gong.com\/wp-content\/uploads\/2025\/04\/Kuva-4-768x472.jpeg 768w, https:\/\/www.tashi-gong.com\/wp-content\/uploads\/2025\/04\/Kuva-4-1536x944.jpeg 1536w, https:\/\/www.tashi-gong.com\/wp-content\/uploads\/2025\/04\/Kuva-4-600x369.jpeg 600w, https:\/\/www.tashi-gong.com\/wp-content\/uploads\/2025\/04\/Kuva-4.jpeg 2048w\" sizes=\"(max-width: 1024px) 100vw, 1024px\" \/><figcaption class=\"wp-element-caption\"><strong>HE CJW-25 Playpoint Pohjant\u00e4hti<\/strong><\/figcaption><\/figure>\n\n\n\n<p><\/p>\n\n\n<div class=\"wp-block-image\">\n<figure class=\"aligncenter size-large is-resized\"><img loading=\"lazy\" decoding=\"async\" width=\"1024\" height=\"905\" src=\"https:\/\/www.tashi-gong.com\/wp-content\/uploads\/2025\/08\/WhatsApp-Image-2025-08-16-at-12.31.59-1-1024x905.jpeg\" alt=\"\" class=\"wp-image-4304\" style=\"width:650px\" srcset=\"https:\/\/www.tashi-gong.com\/wp-content\/uploads\/2025\/08\/WhatsApp-Image-2025-08-16-at-12.31.59-1-1024x905.jpeg 1024w, https:\/\/www.tashi-gong.com\/wp-content\/uploads\/2025\/08\/WhatsApp-Image-2025-08-16-at-12.31.59-1-300x265.jpeg 300w, https:\/\/www.tashi-gong.com\/wp-content\/uploads\/2025\/08\/WhatsApp-Image-2025-08-16-at-12.31.59-1-768x679.jpeg 768w, https:\/\/www.tashi-gong.com\/wp-content\/uploads\/2025\/08\/WhatsApp-Image-2025-08-16-at-12.31.59-1-600x531.jpeg 600w, https:\/\/www.tashi-gong.com\/wp-content\/uploads\/2025\/08\/WhatsApp-Image-2025-08-16-at-12.31.59-1.jpeg 1132w\" sizes=\"(max-width: 1024px) 100vw, 1024px\" \/><figcaption class=\"wp-element-caption\"><strong>FI JCH  HE CJW-25  HE JWW-25 Playpoint Loitsu<\/strong><\/figcaption><\/figure>\n<\/div>\n\n\n<p><\/p>\n\n\n<div class=\"wp-block-image\">\n<figure class=\"aligncenter size-large is-resized\"><img loading=\"lazy\" decoding=\"async\" width=\"1024\" height=\"901\" src=\"https:\/\/www.tashi-gong.com\/wp-content\/uploads\/2025\/10\/ec23d975-82c1-4d0e-9310-2e907412754c-1024x901.jpeg\" alt=\"\" class=\"wp-image-4377\" style=\"width:650px\" srcset=\"https:\/\/www.tashi-gong.com\/wp-content\/uploads\/2025\/10\/ec23d975-82c1-4d0e-9310-2e907412754c-1024x901.jpeg 1024w, https:\/\/www.tashi-gong.com\/wp-content\/uploads\/2025\/10\/ec23d975-82c1-4d0e-9310-2e907412754c-300x264.jpeg 300w, https:\/\/www.tashi-gong.com\/wp-content\/uploads\/2025\/10\/ec23d975-82c1-4d0e-9310-2e907412754c-768x676.jpeg 768w, https:\/\/www.tashi-gong.com\/wp-content\/uploads\/2025\/10\/ec23d975-82c1-4d0e-9310-2e907412754c-1536x1352.jpeg 1536w, https:\/\/www.tashi-gong.com\/wp-content\/uploads\/2025\/10\/ec23d975-82c1-4d0e-9310-2e907412754c-600x528.jpeg 600w, https:\/\/www.tashi-gong.com\/wp-content\/uploads\/2025\/10\/ec23d975-82c1-4d0e-9310-2e907412754c.jpeg 1600w\" sizes=\"(max-width: 1024px) 100vw, 1024px\" \/><figcaption class=\"wp-element-caption\">Playpoint Joiku &#8211; mets\u00e4styshommat luonnistuu!<\/figcaption><\/figure>\n<\/div>\n\n\n<p><\/p>\n","protected":false},"excerpt":{"rendered":"<p>Meill\u00e4 harrastetaan mets\u00e4styst\u00e4, erityisesti linnustusta ja perheess\u00e4mme, is\u00e4nn\u00e4n ja poikamme mets\u00e4styskaverina, on vuonna 2019 hankittu upealuonteinen ja ihana &#8221;Donna&#8221; Washaway Queen Mythra. Ensimm\u00e4inen pohjis-pentueemme syntyi Donnalle vuonna 2022, pennut l\u00f6ysiv\u00e4t kaikki mets\u00e4styst\u00e4 harrastavat perheet ja Playpoint Sirius on my\u00f6s esiintynyt edustavasti n\u00e4yttelyiss\u00e4 saavuttaen huhtikuuhun 2026 menness\u00e4 upeat tittelit C.I.B.-J FI MVA FI JMVA EE MVA [&hellip;]<\/p>\n","protected":false},"author":1,"featured_media":0,"parent":0,"menu_order":0,"comment_status":"closed","ping_status":"closed","template":"","meta":{"_monsterinsights_skip_tracking":false,"_monsterinsights_sitenote_active":false,"_monsterinsights_sitenote_note":"","_monsterinsights_sitenote_category":0,"footnotes":""},"class_list":["post-3926","page","type-page","status-publish","hentry"],"_links":{"self":[{"href":"https:\/\/www.tashi-gong.com\/index.php?rest_route=\/wp\/v2\/pages\/3926","targetHints":{"allow":["GET"]}}],"collection":[{"href":"https:\/\/www.tashi-gong.com\/index.php?rest_route=\/wp\/v2\/pages"}],"about":[{"href":"https:\/\/www.tashi-gong.com\/index.php?rest_route=\/wp\/v2\/types\/page"}],"author":[{"embeddable":true,"href":"https:\/\/www.tashi-gong.com\/index.php?rest_route=\/wp\/v2\/users\/1"}],"replies":[{"embeddable":true,"href":"https:\/\/www.tashi-gong.com\/index.php?rest_route=%2Fwp%2Fv2%2Fcomments&post=3926"}],"version-history":[{"count":11,"href":"https:\/\/www.tashi-gong.com\/index.php?rest_route=\/wp\/v2\/pages\/3926\/revisions"}],"predecessor-version":[{"id":4610,"href":"https:\/\/www.tashi-gong.com\/index.php?rest_route=\/wp\/v2\/pages\/3926\/revisions\/4610"}],"wp:attachment":[{"href":"https:\/\/www.tashi-gong.com\/index.php?rest_route=%2Fwp%2Fv2%2Fmedia&parent=3926"}],"curies":[{"name":"wp","href":"https:\/\/api.w.org\/{rel}","templated":true}]}}